{"id":65,"date":"2014-05-22T09:42:03","date_gmt":"2014-05-22T09:42:03","guid":{"rendered":"http:\/\/europeancandles.com\/?page_id=65"},"modified":"2014-05-25T12:54:29","modified_gmt":"2014-05-25T12:54:29","slug":"translations-by-country","status":"publish","type":"page","link":"https:\/\/europeancandles.com\/?page_id=65","title":{"rendered":"Translations by Country"},"content":{"rendered":"<p><strong>List of European Countries:<\/strong><\/p>\n<p>Albania &#8211; sechseck<br \/>\nAndorra &#8211; espelmes<br \/>\nAustria &#8211; kerzen<br \/>\nAzerbaijan &#8211; sam<br \/>\nBelarus &#8211; \u0441\u0432\u0435\u0447\u0438<br \/>\nBelgium &#8211; kaarsen, bougies<br \/>\nBosnia and Herzegovina &#8211; svije\u0107e<br \/>\nBulgaria &#8211; \u0441\u0432\u0435\u0449\u0438<br \/>\nCroatia &#8211; svije\u0107e<br \/>\nCyprus &#8211; \u03ba\u03b5\u03c1\u03b9\u03ac, mumlar<br \/>\nCzech Republic &#8211; sv\u00ed\u010dky<br \/>\nDenmark &#8211; stearinlys<br \/>\nEstonia &#8211; k\u00fc\u00fcnlad<br \/>\nFinland &#8211; kynttil\u00e4t<br \/>\nFrance &#8211; bougies<br \/>\nGeorgia &#8211; candles<br \/>\nGermany &#8211; kerzen<br \/>\nGreece &#8211; \u03ba\u03b5\u03c1\u03b9\u03ac<br \/>\nHungary &#8211; gyerty\u00e1k<br \/>\nIceland &#8211; kerti<br \/>\nIreland &#8211; coinnle<br \/>\nItaly &#8211; candele<br \/>\nKazakhstan &#8211; \u0441\u0432\u0435\u0447\u0438<br \/>\nLatvia &#8211; sveces<br \/>\nLiechtenstein &#8211; kerzen<br \/>\nLithuania &#8211; \u017evak\u0117s<br \/>\nLuxembourg &#8211; bougies, kerzen<br \/>\nMacedonia &#8211; \u0441\u0432\u0435\u045c\u0438<br \/>\nMalta &#8211; xemg\u0127at<br \/>\nMoldova &#8211; lum\u00e2n\u0103ri<br \/>\nMonaco &#8211; bougies<br \/>\nMontenegro &#8211; \u0441\u0432\u0435\u045b\u0435<br \/>\nNetherlands &#8211; kaarsen<br \/>\nNorway &#8211; stearinlys<br \/>\nPoland &#8211; \u015bwiece<br \/>\nPortugal &#8211; velas<br \/>\nRomania &#8211; lum\u00e2n\u0103ri<br \/>\nRussia &#8211; \u0441\u0432\u0435\u0447\u0438<br \/>\nSan Marino &#8211; candele<br \/>\nSerbia &#8211; \u0441\u0432\u0435\u045b\u0435<br \/>\nSlovakia &#8211; svie\u010dky<br \/>\nSlovenia &#8211; sve\u010de<br \/>\nSpain &#8211; velas<br \/>\nSweden &#8211; ljus<br \/>\nSwitzerland &#8211; kerzen<br \/>\nTurkey &#8211; mumlar<br \/>\nUkraine &#8211; \u0441\u0432\u0456\u0447\u043a\u0438<br \/>\nUnited Kingdom &#8211; candles<br \/>\nVatican City &#8211; candele<\/p>\n","protected":false},"excerpt":{"rendered":"<p>List of European Countries: Albania &#8211; sechseck Andorra &#8211; espelmes Austria &#8211; kerzen Azerbaijan &#8211; sam Belarus &#8211; \u0441\u0432\u0435\u0447\u0438 Belgium &#8211; kaarsen, bougies Bosnia and Herzegovina &#8211; svije\u0107e Bulgaria &#8211; \u0441\u0432\u0435\u0449\u0438 Croatia &#8211; svije\u0107e Cyprus &#8211; \u03ba\u03b5\u03c1\u03b9\u03ac, mumlar Czech Republic &#8211; sv\u00ed\u010dky Denmark &#8211; stearinlys Estonia &#8211; k\u00fc\u00fcnlad Finland &#8211; kynttil\u00e4t France &#8211; bougies Georgia [&hellip;]<\/p>\n","protected":false},"author":2,"featured_media":0,"parent":0,"menu_order":0,"comment_status":"open","ping_status":"open","template":"","meta":{"footnotes":""},"class_list":["post-65","page","type-page","status-publish","hentry"],"_links":{"self":[{"href":"https:\/\/europeancandles.com\/index.php?rest_route=\/wp\/v2\/pages\/65","targetHints":{"allow":["GET"]}}],"collection":[{"href":"https:\/\/europeancandles.com\/index.php?rest_route=\/wp\/v2\/pages"}],"about":[{"href":"https:\/\/europeancandles.com\/index.php?rest_route=\/wp\/v2\/types\/page"}],"author":[{"embeddable":true,"href":"https:\/\/europeancandles.com\/index.php?rest_route=\/wp\/v2\/users\/2"}],"replies":[{"embeddable":true,"href":"https:\/\/europeancandles.com\/index.php?rest_route=%2Fwp%2Fv2%2Fcomments&post=65"}],"version-history":[{"count":5,"href":"https:\/\/europeancandles.com\/index.php?rest_route=\/wp\/v2\/pages\/65\/revisions"}],"predecessor-version":[{"id":107,"href":"https:\/\/europeancandles.com\/index.php?rest_route=\/wp\/v2\/pages\/65\/revisions\/107"}],"wp:attachment":[{"href":"https:\/\/europeancandles.com\/index.php?rest_route=%2Fwp%2Fv2%2Fmedia&parent=65"}],"curies":[{"name":"wp","href":"https:\/\/api.w.org\/{rel}","templated":true}]}}